{"id":266,"date":"2024-09-08T23:01:26","date_gmt":"2024-09-08T21:01:26","guid":{"rendered":"https:\/\/cabinetdentaire-conquerant-kotbas-chettouh.com\/?page_id=266"},"modified":"2024-09-08T23:07:28","modified_gmt":"2024-09-08T21:07:28","slug":"nos-assistantes","status":"publish","type":"page","link":"https:\/\/cabinetdentaire-conquerant-kotbas-chettouh.com\/index.php\/nos-assistantes\/","title":{"rendered":"NOS ASSISTANTES"},"content":{"rendered":"\n<div class=\"wp-block-group has-black-background-color has-background is-layout-constrained wp-container-core-group-is-layout-22177b6a wp-block-group-is-layout-constrained\" style=\"padding-top:100px;padding-bottom:100px\">\n<div class=\"wp-block-columns is-layout-flex wp-container-core-columns-is-layout-28f84493 wp-block-columns-is-layout-flex\">\n<div class=\"wp-block-column is-layout-flow wp-block-column-is-layout-flow\">\n<div class=\"wp-block-group is-layout-flow wp-block-group-is-layout-flow\">\n<div class=\"wp-block-columns is-layout-flex wp-container-core-columns-is-layout-28f84493 wp-block-columns-is-layout-flex\">\n<div class=\"wp-block-column is-layout-flow wp-block-column-is-layout-flow\">\n<h2 class=\"wp-block-heading has-text-align-left is-style-lineseparator zeever-animate zeever-move-right zeever-delay-1 has-zeever-primary-color has-text-color has-heading-2-font-size\">Votre bien-\u00eatre, notre priorit\u00e9<\/h2>\n\n\n\n<h2 class=\"wp-block-heading has-text-align-left zeever-animate zeever-move-right zeever-delay-3 has-white-color has-text-color has-tiny-font-size\" style=\"font-style:normal;font-weight:500;text-transform:uppercase\"><em>Nos assistantes sont l\u00e0 pour vous accueillir et vous accompagner tout au long de votre visite, afin que vous vous sentiez \u00e0 l&rsquo;aise et en confiance.<\/em><\/h2>\n<\/div>\n<\/div>\n<\/div>\n\n\n\n<div class=\"wp-block-group is-layout-flow wp-block-group-is-layout-flow\" style=\"padding-top:40px\">\n<div class=\"wp-block-columns is-layout-flex wp-container-core-columns-is-layout-28f84493 wp-block-columns-is-layout-flex\">\n<div class=\"wp-block-column is-vertically-aligned-bottom is-layout-flow wp-block-column-is-layout-flow\">\n<div class=\"wp-block-cover is-light\" style=\"padding-left:20px;min-height:580px;aspect-ratio:unset;\"><span aria-hidden=\"true\" class=\"wp-block-cover__background has-background-dim-30 has-background-dim\" style=\"background-color:#050505\"><\/span><img decoding=\"async\" class=\"wp-block-cover__image-background wp-image-112\" alt=\"\" src=\"https:\/\/cabinetdentaire-conquerant-kotbas-chettouh.com\/wp-content\/themes\/zeever\/assets\/img\/employee-meeting-work-job-working-argentina-1599048-pxhere.com.webp\" data-object-fit=\"cover\"\/><div class=\"wp-block-cover__inner-container is-layout-flow wp-block-cover-is-layout-flow\">\n<div style=\"height:480px\" aria-hidden=\"true\" class=\"wp-block-spacer\"><\/div>\n\n\n\n<h2 class=\"wp-block-heading has-text-align-left zeever-animate zeever-move-up zeever-delay-1 has-zeever-primary-color has-text-color has-large-font-size\" style=\"font-style:normal;font-weight:600\">Marina<\/h2>\n\n\n\n<p class=\"has-zeever-primary-color has-text-color has-tiny-font-size\">Assistante dentaire<\/p>\n<\/div><\/div>\n<\/div>\n\n\n\n<div class=\"wp-block-column is-layout-flow wp-block-column-is-layout-flow\">\n<div class=\"wp-block-group is-layout-flow wp-block-group-is-layout-flow\">\n<div class=\"wp-block-columns is-layout-flex wp-container-core-columns-is-layout-28f84493 wp-block-columns-is-layout-flex\">\n<div class=\"wp-block-column is-layout-flow wp-block-column-is-layout-flow\">\n<div class=\"wp-block-cover is-light\" style=\"min-height:280px;aspect-ratio:unset;\"><span aria-hidden=\"true\" class=\"wp-block-cover__background has-background-dim-30 has-background-dim\"><\/span><img decoding=\"async\" class=\"wp-block-cover__image-background wp-image-113\" alt=\"\" src=\"https:\/\/cabinetdentaire-conquerant-kotbas-chettouh.com\/wp-content\/themes\/zeever\/assets\/img\/employee-meeting-work-job-working-argentina-1599057-pxhere.com.webp\" data-object-fit=\"cover\"\/><div class=\"wp-block-cover__inner-container is-layout-flow wp-block-cover-is-layout-flow\">\n<div style=\"height:140px\" aria-hidden=\"true\" class=\"wp-block-spacer\"><\/div>\n\n\n\n<h2 class=\"wp-block-heading has-text-align-left zeever-animate zeever-move-up zeever-delay-1 has-zeever-primary-color has-text-color has-large-font-size\" style=\"font-style:normal;font-weight:600\">Gwladys<\/h2>\n\n\n\n<p class=\"has-zeever-primary-color has-text-color has-tiny-font-size\">Assistante dentaire<\/p>\n<\/div><\/div>\n<\/div>\n<\/div>\n<\/div>\n\n\n\n<div class=\"wp-block-group is-layout-flow wp-block-group-is-layout-flow\" style=\"padding-top:20px\">\n<div class=\"wp-block-columns is-layout-flex wp-container-core-columns-is-layout-28f84493 wp-block-columns-is-layout-flex\">\n<div class=\"wp-block-column is-layout-flow wp-block-column-is-layout-flow\">\n<div class=\"wp-block-cover is-light\" style=\"min-height:280px;aspect-ratio:unset;\"><span aria-hidden=\"true\" class=\"wp-block-cover__background has-background-dim-30 has-background-dim\"><\/span><img decoding=\"async\" class=\"wp-block-cover__image-background wp-image-111\" alt=\"\" src=\"https:\/\/cabinetdentaire-conquerant-kotbas-chettouh.com\/wp-content\/themes\/zeever\/assets\/img\/computer-group-building-home-internet-office-945774-pxhere.com.webp\" data-object-fit=\"cover\"\/><div class=\"wp-block-cover__inner-container is-layout-flow wp-block-cover-is-layout-flow\">\n<div style=\"height:140px\" aria-hidden=\"true\" class=\"wp-block-spacer\"><\/div>\n\n\n\n<h2 class=\"wp-block-heading has-text-align-left zeever-animate zeever-move-up zeever-delay-1 has-zeever-primary-color has-text-color has-large-font-size\" style=\"font-style:normal;font-weight:600\">In\u00e8s<\/h2>\n\n\n\n<p class=\"has-zeever-primary-color has-text-color has-tiny-font-size\">Assistante dentaire<\/p>\n<\/div><\/div>\n<\/div>\n<\/div>\n<\/div>\n<\/div>\n<\/div>\n<\/div>\n\n\n\n<div class=\"wp-block-group is-layout-flow wp-block-group-is-layout-flow\" style=\"padding-top:80px\">\n<div class=\"wp-block-columns is-layout-flex wp-container-core-columns-is-layout-28f84493 wp-block-columns-is-layout-flex\">\n<div class=\"wp-block-column is-layout-flow wp-block-column-is-layout-flow\" style=\"padding-right:60px\">\n<h2 class=\"wp-block-heading zeever-animate zeever-move-up zeever-delay-1 has-zeever-primary-color has-text-color\" style=\"font-size:21px\">\u00c9coute<\/h2>\n\n\n\n<p class=\"has-text-align-left zeever-animate zeever-move-up zeever-delay-3 has-zeever-bodytext-color has-text-color\"><\/p>\n<\/div>\n\n\n\n<div class=\"wp-block-column is-layout-flow wp-block-column-is-layout-flow\" style=\"padding-right:60px\">\n<h2 class=\"wp-block-heading zeever-animate zeever-move-up zeever-delay-1 has-zeever-primary-color has-text-color\" style=\"font-size:21px\">Bienveillance<\/h2>\n\n\n\n<p class=\"has-text-align-left zeever-animate zeever-move-up zeever-delay-3 has-zeever-bodytext-color has-text-color\"><\/p>\n<\/div>\n\n\n\n<div class=\"wp-block-column is-layout-flow wp-block-column-is-layout-flow\" style=\"padding-right:60px\">\n<h2 class=\"wp-block-heading zeever-animate zeever-move-up zeever-delay-1 has-zeever-primary-color has-text-color\" style=\"font-size:21px\">Excellence<\/h2>\n\n\n\n<p class=\"has-text-align-left zeever-animate zeever-move-up zeever-delay-3 has-zeever-bodytext-color has-text-color\"><\/p>\n<\/div>\n<\/div>\n<\/div>\n<\/div>\n<\/div>\n<\/div>\n","protected":false},"excerpt":{"rendered":"<p>Votre bien-\u00eatre, notre priorit\u00e9 Nos assistantes sont l\u00e0 pour vous accueillir et vous accompagner tout au long de votre visite, afin que vous vous sentiez \u00e0 l&rsquo;aise et en confiance. \u00c9coute Bienveillance Excellence<\/p>\n","protected":false},"author":1,"featured_media":0,"parent":0,"menu_order":0,"comment_status":"closed","ping_status":"closed","template":"","meta":{"footnotes":""},"class_list":["post-266","page","type-page","status-publish","hentry"],"_links":{"self":[{"href":"https:\/\/cabinetdentaire-conquerant-kotbas-chettouh.com\/index.php\/wp-json\/wp\/v2\/pages\/266","targetHints":{"allow":["GET"]}}],"collection":[{"href":"https:\/\/cabinetdentaire-conquerant-kotbas-chettouh.com\/index.php\/wp-json\/wp\/v2\/pages"}],"about":[{"href":"https:\/\/cabinetdentaire-conquerant-kotbas-chettouh.com\/index.php\/wp-json\/wp\/v2\/types\/page"}],"author":[{"embeddable":true,"href":"https:\/\/cabinetdentaire-conquerant-kotbas-chettouh.com\/index.php\/wp-json\/wp\/v2\/users\/1"}],"replies":[{"embeddable":true,"href":"https:\/\/cabinetdentaire-conquerant-kotbas-chettouh.com\/index.php\/wp-json\/wp\/v2\/comments?post=266"}],"version-history":[{"count":4,"href":"https:\/\/cabinetdentaire-conquerant-kotbas-chettouh.com\/index.php\/wp-json\/wp\/v2\/pages\/266\/revisions"}],"predecessor-version":[{"id":271,"href":"https:\/\/cabinetdentaire-conquerant-kotbas-chettouh.com\/index.php\/wp-json\/wp\/v2\/pages\/266\/revisions\/271"}],"wp:attachment":[{"href":"https:\/\/cabinetdentaire-conquerant-kotbas-chettouh.com\/index.php\/wp-json\/wp\/v2\/media?parent=266"}],"curies":[{"name":"wp","href":"https:\/\/api.w.org\/{rel}","templated":true}]}}