{"id":230,"date":"2024-09-08T22:15:12","date_gmt":"2024-09-08T20:15:12","guid":{"rendered":"https:\/\/cabinetdentaire-conquerant-kotbas-chettouh.com\/?page_id=230"},"modified":"2024-09-09T00:57:23","modified_gmt":"2024-09-08T22:57:23","slug":"dr-sibel-kotbas","status":"publish","type":"page","link":"https:\/\/cabinetdentaire-conquerant-kotbas-chettouh.com\/index.php\/dr-sibel-kotbas\/","title":{"rendered":"DR KOTBAS : PRENDRE RENDEZ-VOUS AU 0240883034"},"content":{"rendered":"\n<div class=\"wp-block-group has-black-background-color has-background is-layout-constrained wp-container-core-group-is-layout-95dd4957 wp-block-group-is-layout-constrained\" style=\"padding-top:0px;padding-right:0px;padding-bottom:0px;padding-left:0px\">\n<div class=\"wp-block-cover is-light\" style=\"padding-bottom:180px;min-height:563px;aspect-ratio:unset;\"><span aria-hidden=\"true\" class=\"wp-block-cover__background has-white-background-color has-background-dim-70 has-background-dim\"><\/span><video class=\"wp-block-cover__video-background intrinsic-ignore\" autoplay muted loop playsinline src=\"https:\/\/cabinetdentaire-conquerant-kotbas-chettouh.com\/wp-content\/uploads\/2024\/09\/4f80fd84f30e27c70f249520ccdfb620.mp4\" data-object-fit=\"cover\"><\/video><div class=\"wp-block-cover__inner-container is-layout-flow wp-block-cover-is-layout-flow\">\n<div class=\"wp-block-group is-layout-constrained wp-container-core-group-is-layout-bc9e83dc wp-block-group-is-layout-constrained\" style=\"padding-top:200px\">\n<div class=\"wp-block-columns is-layout-flex wp-container-core-columns-is-layout-28f84493 wp-block-columns-is-layout-flex\">\n<div class=\"wp-block-column is-layout-flow wp-block-column-is-layout-flow\" style=\"flex-basis:700px\">\n<h1 class=\"wp-block-heading zeever-animate zeever-move-right zeever-delay-3 has-zeever-form-color has-text-color has-heading-1-font-size\" style=\"margin-top:23px;margin-right:0px;font-style:normal;font-weight:700;line-height:1.2;text-transform:capitalize\">Dr Sibel KOTBAS<\/h1>\n\n\n\n<h1 class=\"wp-block-heading zeever-animate zeever-move-right zeever-delay-1 has-zeever-form-color has-text-color has-tiny-font-size\" style=\"margin-right:0px;margin-bottom:40px;font-style:normal;font-weight:500;line-height:1.2;text-transform:capitalize\"><em>16 rUE DE LA FONTAINE SAINT JEAN, 44780 mISSILLAC<\/em><\/h1>\n\n\n\n<div class=\"wp-block-buttons is-layout-flex wp-block-buttons-is-layout-flex\" style=\"margin-top:60px\">\n<div class=\"wp-block-button is-style-custombuttonfill zeever-animate zeever-move-right zeever-delay-1-move-right zeever-delay-1-delay-5 is-style-custombuttonborder3 has-helvetica-arial-font-family\"><a class=\"wp-block-button__link has-zeever-bgsoft-color has-text-color has-link-color wp-element-button\" href=\"#\" style=\"border-radius:0px;padding-top:18px;padding-right:40px;padding-bottom:18px;padding-left:40px\">Omnipratique<\/a><\/div>\n<\/div>\n\n\n\n<hr class=\"wp-block-separator has-alpha-channel-opacity is-style-wide\"\/>\n\n\n\n<p class=\"has-large-font-size\">DIPL\u00d4MES, FORMATIONS ET ACTIVIT\u00c9S :<\/p>\n\n\n\n<ul class=\"wp-block-list\">\n<li>Dipl\u00f4me de Docteur en Chirurgie Dentaire<\/li>\n\n\n\n<li>Omnipratique<\/li>\n<\/ul>\n\n\n\n<p class=\"has-large-font-size\">Le Docteur KOTBAS :<\/p>\n\n\n\n<p>Le Dr Sibel Kotbas a su d\u00e9montrer son expertise et sa capacit\u00e9 \u00e0 accompagner ses patients tout au long de leur parcours de soins. Son approche empathique et attentionn\u00e9e permet de cr\u00e9er un environnement serein o\u00f9 chaque patient b\u00e9n\u00e9ficie de soins adapt\u00e9s \u00e0 ses besoins.<\/p>\n\n\n\n<p>Dr Kotbas int\u00e8gre les derni\u00e8res technologies dans son travail, comme l\u2019utilisation de cam\u00e9ras 3D pour les empreintes, afin d\u2019am\u00e9liorer le confort et la pr\u00e9cision des traitements.<\/p>\n\n\n\n<p>Polyvalente, elle propose une gamme compl\u00e8te de soins dentaires. Elle accompagne \u00e9galement les personnes souffrant de ronflements, en leur offrant des solutions efficaces pour am\u00e9liorer leur confort quotidien. Dr Kotbas s&rsquo;engage \u00e0 fournir un accompagnement de qualit\u00e9 pour assurer des r\u00e9sultats durables et satisfaisants.<\/p>\n<\/div>\n<\/div>\n<\/div>\n<\/div><\/div>\n<\/div>\n\n\n\n<div class=\"wp-block-group alignfull has-background-color is-layout-flow wp-block-group-is-layout-flow\" style=\"margin-top:0;margin-bottom:0;padding-top:var(--wp--preset--spacing--50);padding-right:var(--wp--preset--spacing--30);padding-bottom:var(--wp--preset--spacing--50);padding-left:var(--wp--preset--spacing--30)\">\n<div class=\"wp-block-group alignfull has-small-font-size is-content-justification-space-between is-nowrap is-layout-flex wp-container-core-group-is-layout-cc97c919 wp-block-group-is-layout-flex\">\n<div class=\"wp-block-group wp-container-content-9cfa9a5a is-vertical is-content-justification-center is-layout-flex wp-container-core-group-is-layout-ce155fab wp-block-group-is-layout-flex\">\n<p class=\"has-text-align-center has-small-font-size\"><\/p>\n<\/div>\n\n\n\n<ul class=\"wp-block-social-links has-small-icon-size is-style-logos-only wp-container-content-b0223bd5 is-content-justification-right is-nowrap is-layout-flex wp-container-core-social-links-is-layout-ad1cd33a wp-block-social-links-is-layout-flex\"><\/ul>\n<\/div>\n<\/div>\n\n\n\n<p><\/p>\n","protected":false},"excerpt":{"rendered":"","protected":false},"author":1,"featured_media":0,"parent":0,"menu_order":0,"comment_status":"closed","ping_status":"closed","template":"","meta":{"footnotes":""},"class_list":["post-230","page","type-page","status-publish","hentry"],"_links":{"self":[{"href":"https:\/\/cabinetdentaire-conquerant-kotbas-chettouh.com\/index.php\/wp-json\/wp\/v2\/pages\/230","targetHints":{"allow":["GET"]}}],"collection":[{"href":"https:\/\/cabinetdentaire-conquerant-kotbas-chettouh.com\/index.php\/wp-json\/wp\/v2\/pages"}],"about":[{"href":"https:\/\/cabinetdentaire-conquerant-kotbas-chettouh.com\/index.php\/wp-json\/wp\/v2\/types\/page"}],"author":[{"embeddable":true,"href":"https:\/\/cabinetdentaire-conquerant-kotbas-chettouh.com\/index.php\/wp-json\/wp\/v2\/users\/1"}],"replies":[{"embeddable":true,"href":"https:\/\/cabinetdentaire-conquerant-kotbas-chettouh.com\/index.php\/wp-json\/wp\/v2\/comments?post=230"}],"version-history":[{"count":14,"href":"https:\/\/cabinetdentaire-conquerant-kotbas-chettouh.com\/index.php\/wp-json\/wp\/v2\/pages\/230\/revisions"}],"predecessor-version":[{"id":313,"href":"https:\/\/cabinetdentaire-conquerant-kotbas-chettouh.com\/index.php\/wp-json\/wp\/v2\/pages\/230\/revisions\/313"}],"wp:attachment":[{"href":"https:\/\/cabinetdentaire-conquerant-kotbas-chettouh.com\/index.php\/wp-json\/wp\/v2\/media?parent=230"}],"curies":[{"name":"wp","href":"https:\/\/api.w.org\/{rel}","templated":true}]}}